{"id":95,"date":"2023-10-26T23:44:37","date_gmt":"2023-10-26T21:44:37","guid":{"rendered":"http:\/\/apel-gard.fr\/index.php\/accueil\/"},"modified":"2025-10-21T14:06:29","modified_gmt":"2025-10-21T12:06:29","slug":"accueil","status":"publish","type":"page","link":"https:\/\/apel-gard.fr\/","title":{"rendered":"Accueil"},"content":{"rendered":"\n<p class=\"has-text-align-center\">L\u2019Apel D\u00e9partementale du Gard regroupe 49 APEL d\u2019\u00e9tablissement de l&rsquo;ensemble du d\u00e9partement et repr\u00e9sente 15 000 Familles.<\/p>\n\n\n\n<p class=\"has-text-align-center\">Elle repr\u00e9sente les parents d\u2019\u00e9l\u00e8ves aupr\u00e8s des instances d\u00e9partementales des pouvoirs publics et de l\u2019Enseignement Catholique.<\/p>\n\n\n\n<p class=\"has-text-align-center\">Elle assure \u00e9galement la formation des responsables d\u2019APEL d\u2019\u00e9tablissement.<\/p>\n\n\n\n<p class=\"has-text-align-center\">Et bien d&rsquo;autres choses encore !<\/p>\n","protected":false},"excerpt":{"rendered":"<p>L\u2019Apel D\u00e9partementale du Gard regroupe 49 APEL d\u2019\u00e9tablissement de l&rsquo;ensemble du d\u00e9partement et repr\u00e9sente 15 000 Familles. Elle repr\u00e9sente les parents d\u2019\u00e9l\u00e8ves aupr\u00e8s des instances d\u00e9partementales des pouvoirs publics et de l\u2019Enseignement Catholique. Elle assure \u00e9galement la formation des responsables d\u2019APEL d\u2019\u00e9tablissement. Et bien d&rsquo;autres choses encore !<\/p>\n","protected":false},"author":1,"featured_media":698,"parent":0,"menu_order":0,"comment_status":"closed","ping_status":"closed","template":"","meta":{"footnotes":""},"class_list":["post-95","page","type-page","status-publish","has-post-thumbnail","hentry"],"_links":{"self":[{"href":"https:\/\/apel-gard.fr\/index.php\/wp-json\/wp\/v2\/pages\/95","targetHints":{"allow":["GET"]}}],"collection":[{"href":"https:\/\/apel-gard.fr\/index.php\/wp-json\/wp\/v2\/pages"}],"about":[{"href":"https:\/\/apel-gard.fr\/index.php\/wp-json\/wp\/v2\/types\/page"}],"author":[{"embeddable":true,"href":"https:\/\/apel-gard.fr\/index.php\/wp-json\/wp\/v2\/users\/1"}],"replies":[{"embeddable":true,"href":"https:\/\/apel-gard.fr\/index.php\/wp-json\/wp\/v2\/comments?post=95"}],"version-history":[{"count":12,"href":"https:\/\/apel-gard.fr\/index.php\/wp-json\/wp\/v2\/pages\/95\/revisions"}],"predecessor-version":[{"id":688,"href":"https:\/\/apel-gard.fr\/index.php\/wp-json\/wp\/v2\/pages\/95\/revisions\/688"}],"wp:featuredmedia":[{"embeddable":true,"href":"https:\/\/apel-gard.fr\/index.php\/wp-json\/wp\/v2\/media\/698"}],"wp:attachment":[{"href":"https:\/\/apel-gard.fr\/index.php\/wp-json\/wp\/v2\/media?parent=95"}],"curies":[{"name":"wp","href":"https:\/\/api.w.org\/{rel}","templated":true}]}}